{"id":6020,"date":"2025-10-06T14:46:27","date_gmt":"2025-10-06T14:46:27","guid":{"rendered":"https:\/\/fethiyeparasut.com\/?post_type=product&#038;p=6020"},"modified":"2026-02-20T14:09:25","modified_gmt":"2026-02-20T14:09:25","slug":"oludeniz-surat-teknesi","status":"publish","type":"product","link":"https:\/\/fethiyeparasut.com\/en\/oludeniz-surat-teknesi\/","title":{"rendered":"\u00d6l\u00fcdeniz S\u00fcrat Teknesi"},"content":{"rendered":"<h3>\u00d6l\u00fcdeniz S\u00fcrat Teknesi<\/h3>\n<p>Tam g\u00fcnl\u00fck turlara vakit bulamayanlar ya da daha \u00f6zel ve ki\u015fisel bir deneyim arayanlar i\u00e7in ideal bir alternatif. Bu \u00f6zel turla, muhte\u015fem koylar\u0131 ke\u015ffedebilir, berrak sularda y\u00fczebilir ve \u00d6l\u00fcdeniz\u2019in gizemli g\u00fczelliklerine \u015fahit olabilirsiniz.<\/p>\n","protected":false},"excerpt":{"rendered":"<p>\u00d6l\u00fcdeniz S\u00fcrat Teknesi, tam g\u00fcnl\u00fck turlara vakit bulamayanlar ya da daha \u00f6zel ve ki\u015fisel bir deneyim arayanlar i\u00e7in ideal bir alternatif. Bu \u00f6zel turla, muhte\u015fem koylar\u0131 ke\u015ffedebilir, berrak sularda y\u00fczebilir ve \u00d6l\u00fcdeniz\u2019in gizemli g\u00fczelliklerine \u015fahit olabilirsiniz.<\/p>\n","protected":false},"featured_media":6615,"comment_status":"closed","ping_status":"closed","template":"","meta":{"_acf_changed":false},"product_brand":[],"product_cat":[93],"product_tag":[],"class_list":{"0":"post-6020","1":"product","2":"type-product","3":"status-publish","4":"has-post-thumbnail","6":"product_cat-uncategorized","8":"first","9":"instock","10":"sale","11":"shipping-taxable","12":"purchasable","13":"product-type-simple"},"acf":[],"_links":{"self":[{"href":"https:\/\/fethiyeparasut.com\/en\/wp-json\/wp\/v2\/product\/6020","targetHints":{"allow":["GET"]}}],"collection":[{"href":"https:\/\/fethiyeparasut.com\/en\/wp-json\/wp\/v2\/product"}],"about":[{"href":"https:\/\/fethiyeparasut.com\/en\/wp-json\/wp\/v2\/types\/product"}],"replies":[{"embeddable":true,"href":"https:\/\/fethiyeparasut.com\/en\/wp-json\/wp\/v2\/comments?post=6020"}],"wp:featuredmedia":[{"embeddable":true,"href":"https:\/\/fethiyeparasut.com\/en\/wp-json\/wp\/v2\/media\/6615"}],"wp:attachment":[{"href":"https:\/\/fethiyeparasut.com\/en\/wp-json\/wp\/v2\/media?parent=6020"}],"wp:term":[{"taxonomy":"product_brand","embeddable":true,"href":"https:\/\/fethiyeparasut.com\/en\/wp-json\/wp\/v2\/product_brand?post=6020"},{"taxonomy":"product_cat","embeddable":true,"href":"https:\/\/fethiyeparasut.com\/en\/wp-json\/wp\/v2\/product_cat?post=6020"},{"taxonomy":"product_tag","embeddable":true,"href":"https:\/\/fethiyeparasut.com\/en\/wp-json\/wp\/v2\/product_tag?post=6020"}],"curies":[{"name":"wp","href":"https:\/\/api.w.org\/{rel}","templated":true}]}}