{"id":5998,"date":"2025-10-06T14:34:56","date_gmt":"2025-10-06T14:34:56","guid":{"rendered":"https:\/\/fethiyeparasut.com\/?post_type=product&#038;p=5998"},"modified":"2026-02-25T10:36:04","modified_gmt":"2026-02-25T10:36:04","slug":"fethiye-at-safari-turu","status":"publish","type":"product","link":"https:\/\/fethiyeparasut.com\/en\/fethiye-at-safari-turu\/","title":{"rendered":"Fethiye At Safari Turu"},"content":{"rendered":"<h3>Fethiye At Safari Turu<\/h3>\n<p>Fethiye At Safari Turu, hem deneyimli biniciler hem de yeni ba\u015flayanlar i\u00e7in harika bir se\u00e7enek. Yakla\u015f\u0131k <strong>45-60 dakika<\/strong> s\u00fcren bu b\u00fcy\u00fcleyici turda, Hisar\u00f6n\u00fc\u2019n\u00fcn do\u011fal g\u00fczelliklerini ke\u015ffederken, at\u0131n s\u0131rt\u0131nda huzurlu bir yolculu\u011fa \u00e7\u0131kacaks\u0131n\u0131z. Fethiye at binme turu, sadece fiziksel sa\u011fl\u0131\u011f\u0131n\u0131z\u0131 iyile\u015ftirmekle kalmaz, ayn\u0131 zamanda ruhsal dengeyi de sa\u011flar. Do\u011fayla i\u00e7 i\u00e7e olmak, i\u00e7sel huzuru bulman\u0131n en g\u00fczel yollar\u0131ndan biridir.<\/p>\n","protected":false},"excerpt":{"rendered":"<p>Fethiye At Safari Turu, hem deneyimli biniciler hem de yeni ba\u015flayanlar i\u00e7in harika bir se\u00e7enek. Yakla\u015f\u0131k <strong>45-60 dakika<\/strong> s\u00fcren bu b\u00fcy\u00fcleyici turda, Hisar\u00f6n\u00fc\u2019n\u00fcn do\u011fal g\u00fczelliklerini ke\u015ffederken, at\u0131n s\u0131rt\u0131nda huzurlu bir yolculu\u011fa \u00e7\u0131kacaks\u0131n\u0131z. Fethiye at turu, sadece fiziksel sa\u011fl\u0131\u011f\u0131n\u0131z\u0131 iyile\u015ftirmekle kalmaz, ayn\u0131 zamanda ruhsal dengeyi de sa\u011flar. Do\u011fayla i\u00e7 i\u00e7e olmak, i\u00e7sel huzuru bulman\u0131n en g\u00fczel yollar\u0131ndan biridir.<\/p>\n","protected":false},"featured_media":6591,"comment_status":"closed","ping_status":"closed","template":"","meta":{"_acf_changed":false},"product_brand":[],"product_cat":[93],"product_tag":[],"class_list":{"0":"post-5998","1":"product","2":"type-product","3":"status-publish","4":"has-post-thumbnail","6":"product_cat-uncategorized","8":"first","9":"instock","10":"sale","11":"shipping-taxable","12":"purchasable","13":"product-type-simple"},"acf":[],"_links":{"self":[{"href":"https:\/\/fethiyeparasut.com\/en\/wp-json\/wp\/v2\/product\/5998","targetHints":{"allow":["GET"]}}],"collection":[{"href":"https:\/\/fethiyeparasut.com\/en\/wp-json\/wp\/v2\/product"}],"about":[{"href":"https:\/\/fethiyeparasut.com\/en\/wp-json\/wp\/v2\/types\/product"}],"replies":[{"embeddable":true,"href":"https:\/\/fethiyeparasut.com\/en\/wp-json\/wp\/v2\/comments?post=5998"}],"wp:featuredmedia":[{"embeddable":true,"href":"https:\/\/fethiyeparasut.com\/en\/wp-json\/wp\/v2\/media\/6591"}],"wp:attachment":[{"href":"https:\/\/fethiyeparasut.com\/en\/wp-json\/wp\/v2\/media?parent=5998"}],"wp:term":[{"taxonomy":"product_brand","embeddable":true,"href":"https:\/\/fethiyeparasut.com\/en\/wp-json\/wp\/v2\/product_brand?post=5998"},{"taxonomy":"product_cat","embeddable":true,"href":"https:\/\/fethiyeparasut.com\/en\/wp-json\/wp\/v2\/product_cat?post=5998"},{"taxonomy":"product_tag","embeddable":true,"href":"https:\/\/fethiyeparasut.com\/en\/wp-json\/wp\/v2\/product_tag?post=5998"}],"curies":[{"name":"wp","href":"https:\/\/api.w.org\/{rel}","templated":true}]}}