{"id":5977,"date":"2025-10-06T14:16:09","date_gmt":"2025-10-06T14:16:09","guid":{"rendered":"https:\/\/fethiyeparasut.com\/?post_type=product&#038;p=5977"},"modified":"2026-02-19T20:15:43","modified_gmt":"2026-02-19T20:15:43","slug":"fethiye-atv-safari-turu","status":"publish","type":"product","link":"https:\/\/fethiyeparasut.com\/en\/fethiye-atv-safari-turu\/","title":{"rendered":"Fethiye ATV Safari Turu"},"content":{"rendered":"<h3>Fethiye ATV Safari Turu<\/h3>\n<p><strong>Fethiye ATV Safari Turu<\/strong>, macera arayanlar i\u00e7in unutulmaz bir deneyim sunuyor. Fethiye\u2019nin e\u015fsiz do\u011fas\u0131nda, heyecan dolu bir ke\u015fif yapmaya haz\u0131r m\u0131s\u0131n\u0131z? Efsanevi Kayak\u00f6y\u00fc\u2019n\u00fcn zorlu patikalar\u0131nda do\u011fan\u0131n sundu\u011fu muazzam manzaralar\u0131n tad\u0131n\u0131 \u00e7\u0131karacaks\u0131n\u0131z.<\/p>\n","protected":false},"excerpt":{"rendered":"<p><strong>Fethiye ATV Safari Turu<\/strong>, macera arayanlar i\u00e7in unutulmaz bir deneyim sunuyor. Fethiye\u2019nin e\u015fsiz do\u011fas\u0131nda, heyecan dolu bir ke\u015fif yapmaya haz\u0131r m\u0131s\u0131n\u0131z? Efsanevi Kayak\u00f6y\u00fc\u2019n\u00fcn zorlu patikalar\u0131nda do\u011fan\u0131n sundu\u011fu muazzam manzaralar\u0131n tad\u0131n\u0131 \u00e7\u0131karacaks\u0131n\u0131z.<\/p>\n","protected":false},"featured_media":6589,"comment_status":"closed","ping_status":"closed","template":"","meta":{"_acf_changed":false},"product_brand":[],"product_cat":[93],"product_tag":[],"class_list":{"0":"post-5977","1":"product","2":"type-product","3":"status-publish","4":"has-post-thumbnail","6":"product_cat-uncategorized","8":"first","9":"instock","10":"sale","11":"shipping-taxable","12":"purchasable","13":"product-type-simple"},"acf":[],"_links":{"self":[{"href":"https:\/\/fethiyeparasut.com\/en\/wp-json\/wp\/v2\/product\/5977","targetHints":{"allow":["GET"]}}],"collection":[{"href":"https:\/\/fethiyeparasut.com\/en\/wp-json\/wp\/v2\/product"}],"about":[{"href":"https:\/\/fethiyeparasut.com\/en\/wp-json\/wp\/v2\/types\/product"}],"replies":[{"embeddable":true,"href":"https:\/\/fethiyeparasut.com\/en\/wp-json\/wp\/v2\/comments?post=5977"}],"wp:featuredmedia":[{"embeddable":true,"href":"https:\/\/fethiyeparasut.com\/en\/wp-json\/wp\/v2\/media\/6589"}],"wp:attachment":[{"href":"https:\/\/fethiyeparasut.com\/en\/wp-json\/wp\/v2\/media?parent=5977"}],"wp:term":[{"taxonomy":"product_brand","embeddable":true,"href":"https:\/\/fethiyeparasut.com\/en\/wp-json\/wp\/v2\/product_brand?post=5977"},{"taxonomy":"product_cat","embeddable":true,"href":"https:\/\/fethiyeparasut.com\/en\/wp-json\/wp\/v2\/product_cat?post=5977"},{"taxonomy":"product_tag","embeddable":true,"href":"https:\/\/fethiyeparasut.com\/en\/wp-json\/wp\/v2\/product_tag?post=5977"}],"curies":[{"name":"wp","href":"https:\/\/api.w.org\/{rel}","templated":true}]}}