{"id":5958,"date":"2025-10-06T14:01:01","date_gmt":"2025-10-06T14:01:01","guid":{"rendered":"https:\/\/fethiyeparasut.com\/?post_type=product&#038;p=5958"},"modified":"2026-02-16T18:16:16","modified_gmt":"2026-02-16T18:16:16","slug":"fethiye-safari-turu","status":"publish","type":"product","link":"https:\/\/fethiyeparasut.com\/en\/fethiye-safari-turu\/","title":{"rendered":"Fethiye Safari Turu"},"content":{"rendered":"<h3>Fethiye Safari Turu<\/h3>\n<p>Fethiye safari turu, Fethiye\u2019nin benzersiz do\u011fas\u0131nda maceray\u0131 zirveye \u00e7\u0131karmak ve sonu gelmez su sava\u015flar\u0131n\u0131n keyfini \u00e7\u0131karmak isteyenler i\u00e7in <b>Fethiye Safari Turu <\/b>size\u00a0unutulmaz bir deneyim sunuyor.\u00a0Sakl\u0131kent Kanyonu, Fethiye\u2019nin en etkileyici do\u011fal alanlar\u0131ndan biri olup, Fethiye Safari ile muazzam do\u011fa harikas\u0131n\u0131 ke\u015ffetme f\u0131rsat\u0131na ne dersiniz?<\/p>\n<p>Fethiye safari turu,\u00a0<b>konforlu ve a\u00e7\u0131k minib\u00fcs ara\u00e7larla<\/b> yap\u0131l\u0131r. Bu ara\u00e7lar, jeep safariye k\u0131yasla daha rahat bir deneyim sunar, b\u00f6ylece her bir yolculuk an\u0131 daha keyifli hale gelir. Fethiye Jeep Safari ile <b>Sakl\u0131kent Kanyonu\u2019nun serin sular\u0131na ve tarihi g\u00fczelliklerine<\/b>\u00a0tan\u0131kl\u0131k ederken, ayn\u0131 zamanda e\u011flenceli aktivitelerle de maceray\u0131 zirveye \u00e7\u0131karacaks\u0131n\u0131z.<\/p>\n","protected":false},"excerpt":{"rendered":"<p>Fethiye turu safari, Fethiye\u2019nin benzersiz do\u011fas\u0131nda maceray\u0131 zirveye \u00e7\u0131karmak ve sonu gelmez su sava\u015flar\u0131n\u0131n keyfini \u00e7\u0131karmak isteyenler i\u00e7in <b>Fethiye Safari Turu <\/b>size\u00a0unutulmaz bir deneyim sunuyor.\u00a0Sakl\u0131kent Kanyonu, Fethiye\u2019nin en etkileyici do\u011fal alanlar\u0131ndan biri olup, Fethiye Safari ile muazzam do\u011fa harikas\u0131n\u0131 ke\u015ffetme f\u0131rsat\u0131na ne dersiniz?<\/p>\n<p>Fethiye safari turu,\u00a0<b>konforlu ve a\u00e7\u0131k minib\u00fcs ara\u00e7larla<\/b> yap\u0131l\u0131r. Bu ara\u00e7lar, jeep safariye k\u0131yasla daha rahat bir deneyim sunar, b\u00f6ylece her bir yolculuk an\u0131 daha keyifli hale gelir. Fethiye Jeep Safari ile <b>Sakl\u0131kent Kanyonu\u2019nun serin sular\u0131na ve tarihi g\u00fczelliklerine<\/b>\u00a0tan\u0131kl\u0131k ederken, ayn\u0131 zamanda e\u011flenceli aktivitelerle de maceray\u0131 zirveye \u00e7\u0131karacaks\u0131n\u0131z.<\/p>\n","protected":false},"featured_media":6564,"comment_status":"closed","ping_status":"closed","template":"","meta":{"_acf_changed":false},"product_brand":[],"product_cat":[93],"product_tag":[],"class_list":{"0":"post-5958","1":"product","2":"type-product","3":"status-publish","4":"has-post-thumbnail","6":"product_cat-uncategorized","8":"first","9":"instock","10":"sale","11":"shipping-taxable","12":"purchasable","13":"product-type-simple"},"acf":[],"_links":{"self":[{"href":"https:\/\/fethiyeparasut.com\/en\/wp-json\/wp\/v2\/product\/5958","targetHints":{"allow":["GET"]}}],"collection":[{"href":"https:\/\/fethiyeparasut.com\/en\/wp-json\/wp\/v2\/product"}],"about":[{"href":"https:\/\/fethiyeparasut.com\/en\/wp-json\/wp\/v2\/types\/product"}],"replies":[{"embeddable":true,"href":"https:\/\/fethiyeparasut.com\/en\/wp-json\/wp\/v2\/comments?post=5958"}],"wp:featuredmedia":[{"embeddable":true,"href":"https:\/\/fethiyeparasut.com\/en\/wp-json\/wp\/v2\/media\/6564"}],"wp:attachment":[{"href":"https:\/\/fethiyeparasut.com\/en\/wp-json\/wp\/v2\/media?parent=5958"}],"wp:term":[{"taxonomy":"product_brand","embeddable":true,"href":"https:\/\/fethiyeparasut.com\/en\/wp-json\/wp\/v2\/product_brand?post=5958"},{"taxonomy":"product_cat","embeddable":true,"href":"https:\/\/fethiyeparasut.com\/en\/wp-json\/wp\/v2\/product_cat?post=5958"},{"taxonomy":"product_tag","embeddable":true,"href":"https:\/\/fethiyeparasut.com\/en\/wp-json\/wp\/v2\/product_tag?post=5958"}],"curies":[{"name":"wp","href":"https:\/\/api.w.org\/{rel}","templated":true}]}}