{"id":5900,"date":"2025-10-06T13:20:46","date_gmt":"2025-10-06T13:20:46","guid":{"rendered":"https:\/\/fethiyeparasut.com\/?post_type=product&#038;p=5900"},"modified":"2026-02-21T14:34:19","modified_gmt":"2026-02-21T14:34:19","slug":"fethiye-tuplu-dalis","status":"publish","type":"product","link":"https:\/\/fethiyeparasut.com\/en\/fethiye-tuplu-dalis\/","title":{"rendered":"Fethiye T\u00fcpl\u00fc Dal\u0131\u015f"},"content":{"rendered":"<h3>Fethiye T\u00fcpl\u00fc Dal\u0131\u015f<\/h3>\n<p>\u00d6l\u00fcdeniz Fethiye t\u00fcpl\u00fc dal\u0131\u015f turu saat 10:00\u2019da ba\u015flar ve teknemiz, \u00d6l\u00fcdeniz sahilinden hareket ederek Mavi Ma\u011fara Koyu\u2019na demirler. Yolculuk s\u0131ras\u0131nda dal\u0131\u015f teknikleri, su alt\u0131nda nas\u0131l haberle\u015filece\u011fi, nelere dikkat edilmesi gerekti\u011fi, nefes egzersizleri gibi konularda e\u011fitmenlerimiz taraf\u0131ndan k\u0131sa bir e\u011fitim al\u0131rs\u0131n\u0131z. Mavi Ma\u011fara\u2019ya vard\u0131\u011f\u0131m\u0131zda, gruplara ayr\u0131l\u0131rs\u0131n\u0131z ve her grup e\u011fitmen e\u015fli\u011finde birebir dal\u0131\u015f yapar. Su alt\u0131nda 25-30 dakika ge\u00e7irdikten sonra, dal\u0131\u015f tamamlan\u0131r. Toplamda, bu deneyim yakla\u015f\u0131k 3 saat s\u00fcrecektir. \u0130lk tura kat\u0131lamayanlar i\u00e7in 14:00\u2019da ikinci dal\u0131\u015f program\u0131m\u0131z ba\u015flar. Bu programda da 3 saatlik bir s\u00fcre i\u00e7inde dal\u0131\u015f yapabilirsiniz.<\/p>\n","protected":false},"excerpt":{"rendered":"<p>Fethiye t\u00fcpl\u00fc dal\u0131\u015f turu saat 10:00\u2019da ba\u015flar ve teknemiz, \u00d6l\u00fcdeniz sahilinden hareket ederek Mavi Ma\u011fara Koyu\u2019na demirler. Dilerseniz t\u00fcm g\u00fcn s\u00fcren t\u00fcpl\u00fc dal\u0131\u015f mevcuttur. Yolculuk s\u0131ras\u0131nda dal\u0131\u015f teknikleri, su alt\u0131nda nas\u0131l haberle\u015filece\u011fi, nelere dikkat edilmesi gerekti\u011fi, nefes egzersizleri gibi konularda e\u011fitmenlerimiz taraf\u0131ndan k\u0131sa bir e\u011fitim al\u0131rs\u0131n\u0131z. Mavi Ma\u011fara\u2019ya vard\u0131\u011f\u0131m\u0131zda, gruplara ayr\u0131l\u0131rs\u0131n\u0131z ve her grup e\u011fitmen e\u015fli\u011finde birebir dal\u0131\u015f yapar. Su alt\u0131nda 25-30 dakika ge\u00e7irdikten sonra, dal\u0131\u015f tamamlan\u0131r. Toplamda, bu deneyim yakla\u015f\u0131k 3 saat s\u00fcrecektir. \u0130lk tura kat\u0131lamayanlar i\u00e7in 14:00\u2019da ikinci dal\u0131\u015f program\u0131m\u0131z ba\u015flar. Bu programda da 3 saatlik bir s\u00fcre i\u00e7inde dal\u0131\u015f yapabilirsiniz.<\/p>\n","protected":false},"featured_media":6790,"comment_status":"closed","ping_status":"closed","template":"","meta":{"_acf_changed":false},"product_brand":[],"product_cat":[93],"product_tag":[],"class_list":{"0":"post-5900","1":"product","2":"type-product","3":"status-publish","4":"has-post-thumbnail","6":"product_cat-uncategorized","8":"first","9":"instock","10":"sale","11":"shipping-taxable","12":"purchasable","13":"product-type-simple"},"acf":[],"_links":{"self":[{"href":"https:\/\/fethiyeparasut.com\/en\/wp-json\/wp\/v2\/product\/5900","targetHints":{"allow":["GET"]}}],"collection":[{"href":"https:\/\/fethiyeparasut.com\/en\/wp-json\/wp\/v2\/product"}],"about":[{"href":"https:\/\/fethiyeparasut.com\/en\/wp-json\/wp\/v2\/types\/product"}],"replies":[{"embeddable":true,"href":"https:\/\/fethiyeparasut.com\/en\/wp-json\/wp\/v2\/comments?post=5900"}],"wp:featuredmedia":[{"embeddable":true,"href":"https:\/\/fethiyeparasut.com\/en\/wp-json\/wp\/v2\/media\/6790"}],"wp:attachment":[{"href":"https:\/\/fethiyeparasut.com\/en\/wp-json\/wp\/v2\/media?parent=5900"}],"wp:term":[{"taxonomy":"product_brand","embeddable":true,"href":"https:\/\/fethiyeparasut.com\/en\/wp-json\/wp\/v2\/product_brand?post=5900"},{"taxonomy":"product_cat","embeddable":true,"href":"https:\/\/fethiyeparasut.com\/en\/wp-json\/wp\/v2\/product_cat?post=5900"},{"taxonomy":"product_tag","embeddable":true,"href":"https:\/\/fethiyeparasut.com\/en\/wp-json\/wp\/v2\/product_tag?post=5900"}],"curies":[{"name":"wp","href":"https:\/\/api.w.org\/{rel}","templated":true}]}}