{"id":5890,"date":"2025-10-06T13:09:36","date_gmt":"2025-10-06T13:09:36","guid":{"rendered":"https:\/\/fethiyeparasut.com\/?post_type=product&#038;p=5890"},"modified":"2026-02-16T10:13:18","modified_gmt":"2026-02-16T10:13:18","slug":"fethiye-tekne-turu","status":"publish","type":"product","link":"https:\/\/fethiyeparasut.com\/en\/fethiye-tekne-turu\/","title":{"rendered":"Fethiye Tekne Turu"},"content":{"rendered":"<h3>Fethiye Tekne Turu<\/h3>\n<p>Fethiye tekne turu ile \u00d6l\u00fcdeniz 6 adalar tekne turu sizi maviliklere ta\u015f\u0131yor! Fethiye \u00d6l\u00fcdeniz d\u00fcnyan\u0131n en g\u00fczel ve pop\u00fcler tatil b\u00f6lgelerinden biri olarak biliniyor.\u00a0 \u00d6l\u00fcdeniz <b>6 Adalar Tekne Turu<\/b>, ister sakin bir aile gezisi, ister e\u011flenceli bir parti havas\u0131 arayanlar i\u00e7in iki farkl\u0131 konsept ile kar\u015f\u0131n\u0131za \u00e7\u0131k\u0131yor. Dilerseniz Fethiye&#8217;den hareket eden Fethiye 12 Adalar Tekne Turu da vard\u0131r.<\/p>\n","protected":false},"excerpt":{"rendered":"<p>Fethiye tekne turu, \u00d6l\u00fcdeniz sadece T\u00fcrkiye\u2019nin de\u011fil, d\u00fcnyan\u0131n en g\u00fczel ve pop\u00fcler tatil b\u00f6lgelerinden biri olarak biliniyor. Fethiye\u2019nin muazzam do\u011fas\u0131 i\u00e7inde bir tekne turu yapmak ise, bu g\u00fczellikleri ke\u015ffetmenin en keyifli yolu. <b>6 Adalar Tekne Turu<\/b>, ister sakin bir aile gezisi, ister e\u011flenceli bir parti havas\u0131 arayanlar i\u00e7in iki farkl\u0131 konsept sunuyor! Dilerseniz Fethiye&#8217;den hareket eden Fethiye 12 Adalar Tekne Turu da vard\u0131r.<\/p>\n","protected":false},"featured_media":6535,"comment_status":"closed","ping_status":"closed","template":"","meta":{"_acf_changed":false},"product_brand":[],"product_cat":[93],"product_tag":[],"class_list":{"0":"post-5890","1":"product","2":"type-product","3":"status-publish","4":"has-post-thumbnail","6":"product_cat-uncategorized","8":"first","9":"instock","10":"sale","11":"shipping-taxable","12":"purchasable","13":"product-type-simple"},"acf":[],"_links":{"self":[{"href":"https:\/\/fethiyeparasut.com\/en\/wp-json\/wp\/v2\/product\/5890","targetHints":{"allow":["GET"]}}],"collection":[{"href":"https:\/\/fethiyeparasut.com\/en\/wp-json\/wp\/v2\/product"}],"about":[{"href":"https:\/\/fethiyeparasut.com\/en\/wp-json\/wp\/v2\/types\/product"}],"replies":[{"embeddable":true,"href":"https:\/\/fethiyeparasut.com\/en\/wp-json\/wp\/v2\/comments?post=5890"}],"wp:featuredmedia":[{"embeddable":true,"href":"https:\/\/fethiyeparasut.com\/en\/wp-json\/wp\/v2\/media\/6535"}],"wp:attachment":[{"href":"https:\/\/fethiyeparasut.com\/en\/wp-json\/wp\/v2\/media?parent=5890"}],"wp:term":[{"taxonomy":"product_brand","embeddable":true,"href":"https:\/\/fethiyeparasut.com\/en\/wp-json\/wp\/v2\/product_brand?post=5890"},{"taxonomy":"product_cat","embeddable":true,"href":"https:\/\/fethiyeparasut.com\/en\/wp-json\/wp\/v2\/product_cat?post=5890"},{"taxonomy":"product_tag","embeddable":true,"href":"https:\/\/fethiyeparasut.com\/en\/wp-json\/wp\/v2\/product_tag?post=5890"}],"curies":[{"name":"wp","href":"https:\/\/api.w.org\/{rel}","templated":true}]}}