{"id":5143,"date":"2025-06-02T21:33:48","date_gmt":"2025-06-02T21:33:48","guid":{"rendered":"https:\/\/fethiyeparasut.com\/?post_type=product&#038;p=5143"},"modified":"2026-03-02T15:08:30","modified_gmt":"2026-03-02T15:08:30","slug":"fethiye-yamac-parasutu","status":"publish","type":"product","link":"https:\/\/fethiyeparasut.com\/en\/fethiye-yamac-parasutu\/","title":{"rendered":"Fethiye Yama\u00e7 Para\u015f\u00fct\u00fc"},"content":{"rendered":"<h3>Fethiye \u00d6l\u00fcdeniz Babada\u011f Yama\u00e7 Para\u015f\u00fct\u00fc<\/h3>\n<p>Fethiye Yama\u00e7 Para\u015f\u00fct\u00fc bir aktiviteden fazlas\u0131. Hep hat\u0131rlayaca\u011f\u0131n\u0131z \u00f6zel bir an\u0131. \u00d6l\u00fcdeniz \u00fczerinde unutulmaz bir Babada\u011f yama\u00e7 para\u015f\u00fct\u00fc deneyimi i\u00e7in en iyi fiyata \u015fimdi rezervasyon yap.<\/p>\n","protected":false},"excerpt":{"rendered":"<p>Fethiye yama\u00e7 para\u015f\u00fct\u00fc aktivitesi, Fethiye \u00d6l\u00fcdeniz\u2019in \u00fcnl\u00fc\u00a0<strong>Babada\u011f&#8217;\u0131nda<\/strong>\u00a0yap\u0131lmaktad\u0131r. Babada\u011f\u2019da\u00a0<strong>1200<\/strong>,\u00a0<strong>1700<\/strong>,\u00a0<strong>1800<\/strong>\u00a0ve\u00a0<strong>1900<\/strong>\u00a0metrede olmak \u00fczere toplam\u00a0<strong>4 pist<\/strong>\u00a0bulunmaktad\u0131r. En y\u00fcksek pist olan\u00a0<strong>1900 metrede<\/strong> ise 2 farkl\u0131 pist mevcuttur. Pilotlar\u0131m\u0131z, g\u00fcvenlik \u00f6ncelikli olarak r\u00fczgar\u0131n en elveri\u015fli oldu\u011fu pistten u\u00e7u\u015f yapmaktad\u0131r. Bu durum u\u00e7u\u015f s\u00fcresini pek etkilemez. Herhangi bir \u015fekilde para\u015f\u00fct ile atlama s\u00f6z konusu de\u011fildir, yama\u00e7 para\u015f\u00fct\u00fc ile yukar\u0131 do\u011fru kalkarak u\u00e7u\u015f yap\u0131l\u0131r. Havada kalma s\u00fcresi mevsime ve r\u00fczgara g\u00f6re de\u011fi\u015fiklik g\u00f6sterir. Sen de bu adrenalin dolu maceraya haz\u0131r m\u0131s\u0131n?<\/p>\n","protected":false},"featured_media":5349,"comment_status":"open","ping_status":"closed","template":"","meta":{"_acf_changed":false},"product_brand":[],"product_cat":[93],"product_tag":[],"class_list":{"0":"post-5143","1":"product","2":"type-product","3":"status-publish","4":"has-post-thumbnail","6":"product_cat-uncategorized","8":"first","9":"instock","10":"sale","11":"featured","12":"shipping-taxable","13":"purchasable","14":"product-type-simple"},"acf":[],"_links":{"self":[{"href":"https:\/\/fethiyeparasut.com\/en\/wp-json\/wp\/v2\/product\/5143","targetHints":{"allow":["GET"]}}],"collection":[{"href":"https:\/\/fethiyeparasut.com\/en\/wp-json\/wp\/v2\/product"}],"about":[{"href":"https:\/\/fethiyeparasut.com\/en\/wp-json\/wp\/v2\/types\/product"}],"replies":[{"embeddable":true,"href":"https:\/\/fethiyeparasut.com\/en\/wp-json\/wp\/v2\/comments?post=5143"}],"wp:featuredmedia":[{"embeddable":true,"href":"https:\/\/fethiyeparasut.com\/en\/wp-json\/wp\/v2\/media\/5349"}],"wp:attachment":[{"href":"https:\/\/fethiyeparasut.com\/en\/wp-json\/wp\/v2\/media?parent=5143"}],"wp:term":[{"taxonomy":"product_brand","embeddable":true,"href":"https:\/\/fethiyeparasut.com\/en\/wp-json\/wp\/v2\/product_brand?post=5143"},{"taxonomy":"product_cat","embeddable":true,"href":"https:\/\/fethiyeparasut.com\/en\/wp-json\/wp\/v2\/product_cat?post=5143"},{"taxonomy":"product_tag","embeddable":true,"href":"https:\/\/fethiyeparasut.com\/en\/wp-json\/wp\/v2\/product_tag?post=5143"}],"curies":[{"name":"wp","href":"https:\/\/api.w.org\/{rel}","templated":true}]}}